{"id":71,"date":"2018-01-29T16:52:52","date_gmt":"2018-01-29T16:52:52","guid":{"rendered":"https:\/\/pmrapp.ch\/?page_id=71"},"modified":"2018-04-13T10:13:11","modified_gmt":"2018-04-13T08:13:11","slug":"report-a-bug","status":"publish","type":"page","link":"https:\/\/pmrapp.ch\/de\/report-a-bug\/","title":{"rendered":"Fehler melden"},"content":{"rendered":"<p>Wenn Sie einen Fehler in unserer App beobachtet haben, dann f\u00fcllen Sie bitte das folgende Formular aus. Wenn Sie einen stattdessen einen Vorschlag machen wollen, benutzen Sie bitte das entsprechende Formular auf der Seite &#8222;Vorschlag machen&#8220;.<\/p>\n<p>Das Men\u00fc in der App gibt Ihnen ebenfalls die M\u00f6glichkeit, Fehler zu melden oder Vorschl\u00e4ge zu machen. Wir bevorzugen, dass Sie uns \u00fcber die App ansprechen, da die App n\u00fctzliche Informationen \u00fcber ihren Zustand auf Ihrem Ger\u00e4t mitliefert.<\/p>\n<p>\n<div class=\"wpcf7 no-js\" id=\"wpcf7-f87-o2\" lang=\"en-US\" dir=\"ltr\" data-wpcf7-id=\"87\">\n<div class=\"screen-reader-response\"><p role=\"status\" aria-live=\"polite\" aria-atomic=\"true\"><\/p> <ul><\/ul><\/div>\n<form action=\"\/de\/wp-json\/wp\/v2\/pages\/71#wpcf7-f87-o2\" method=\"post\" class=\"wpcf7-form init\" aria-label=\"Contact form\" novalidate=\"novalidate\" data-status=\"init\">\n<fieldset class=\"hidden-fields-container\"><input type=\"hidden\" name=\"_wpcf7\" value=\"87\" \/><input type=\"hidden\" name=\"_wpcf7_version\" value=\"6.1.5\" \/><input type=\"hidden\" name=\"_wpcf7_locale\" value=\"en_US\" \/><input type=\"hidden\" name=\"_wpcf7_unit_tag\" value=\"wpcf7-f87-o2\" \/><input type=\"hidden\" name=\"_wpcf7_container_post\" value=\"0\" \/><input type=\"hidden\" name=\"_wpcf7_posted_data_hash\" value=\"\" \/>\n<\/fieldset>\n<p><label> Thema (required)<br \/>\n<span class=\"wpcf7-form-control-wrap\" data-name=\"bug-title\"><input size=\"40\" maxlength=\"400\" class=\"wpcf7-form-control wpcf7-text wpcf7-validates-as-required\" aria-required=\"true\" aria-invalid=\"false\" value=\"\" type=\"text\" name=\"bug-title\" \/><\/span> <\/label>\n<\/p>\n<p>Bitte klassifizieren Sie den Fehler:<br \/>\n<span class=\"wpcf7-form-control-wrap\" data-name=\"bug-type\"><span class=\"wpcf7-form-control wpcf7-radio\"><span class=\"wpcf7-list-item first\"><input type=\"radio\" name=\"bug-type\" value=\"Sicherheit\" \/><span class=\"wpcf7-list-item-label\">Sicherheit<\/span><\/span><span class=\"wpcf7-list-item\"><input type=\"radio\" name=\"bug-type\" value=\"Datenschutz\" \/><span class=\"wpcf7-list-item-label\">Datenschutz<\/span><\/span><span class=\"wpcf7-list-item\"><input type=\"radio\" name=\"bug-type\" value=\"Absturz\" \/><span class=\"wpcf7-list-item-label\">Absturz<\/span><\/span><span class=\"wpcf7-list-item\"><input type=\"radio\" name=\"bug-type\" value=\"H\u00e4ngenbleiben\" \/><span class=\"wpcf7-list-item-label\">H\u00e4ngenbleiben<\/span><\/span><span class=\"wpcf7-list-item\"><input type=\"radio\" name=\"bug-type\" value=\"Datenverlust\" \/><span class=\"wpcf7-list-item-label\">Datenverlust<\/span><\/span><span class=\"wpcf7-list-item\"><input type=\"radio\" name=\"bug-type\" value=\"Benutzbarkeit\" \/><span class=\"wpcf7-list-item-label\">Benutzbarkeit<\/span><\/span><span class=\"wpcf7-list-item\"><input type=\"radio\" name=\"bug-type\" value=\"Benutzerschnittstelle\" \/><span class=\"wpcf7-list-item-label\">Benutzerschnittstelle<\/span><\/span><span class=\"wpcf7-list-item\"><input type=\"radio\" name=\"bug-type\" value=\"Leistung\" \/><span class=\"wpcf7-list-item-label\">Leistung<\/span><\/span><span class=\"wpcf7-list-item last\"><input type=\"radio\" name=\"bug-type\" value=\"Andere\" \/><span class=\"wpcf7-list-item-label\">Andere<\/span><\/span><\/span><\/span>\n<\/p>\n<p>K\u00f6nnen Sie den Fehler reproduzieren?<br \/>\n<span class=\"wpcf7-form-control-wrap\" data-name=\"reproduce\"><span class=\"wpcf7-form-control wpcf7-radio\"><span class=\"wpcf7-list-item first\"><input type=\"radio\" name=\"reproduce\" value=\"Jedesmal\" \/><span class=\"wpcf7-list-item-label\">Jedesmal<\/span><\/span><span class=\"wpcf7-list-item\"><input type=\"radio\" name=\"reproduce\" value=\"H\u00e4ufig\" \/><span class=\"wpcf7-list-item-label\">H\u00e4ufig<\/span><\/span><span class=\"wpcf7-list-item\"><input type=\"radio\" name=\"reproduce\" value=\"Selten\" \/><span class=\"wpcf7-list-item-label\">Selten<\/span><\/span><span class=\"wpcf7-list-item\"><input type=\"radio\" name=\"reproduce\" value=\"Einmal\" \/><span class=\"wpcf7-list-item-label\">Einmal<\/span><\/span><span class=\"wpcf7-list-item\"><input type=\"radio\" name=\"reproduce\" value=\"Nicht reproduzierbar\" \/><span class=\"wpcf7-list-item-label\">Nicht reproduzierbar<\/span><\/span><span class=\"wpcf7-list-item last\"><input type=\"radio\" name=\"reproduce\" value=\"Habe es nicht versucht\" \/><span class=\"wpcf7-list-item-label\">Habe es nicht versucht<\/span><\/span><\/span><\/span>\n<\/p>\n<p><label> Welche Schritte haben Sie unternommen, bevor Sie den Fehler beobachtet haben?<br \/>\n<span class=\"wpcf7-form-control-wrap\" data-name=\"steps\"><textarea cols=\"40\" rows=\"10\" maxlength=\"2000\" class=\"wpcf7-form-control wpcf7-textarea\" aria-invalid=\"false\" name=\"steps\"><\/textarea><\/span> <\/label>\n<\/p>\n<p>Erwartetes Verhalten nach diesen Schritten:<br \/>\n<span class=\"wpcf7-form-control-wrap\" data-name=\"expected\"><textarea cols=\"40\" rows=\"10\" maxlength=\"2000\" class=\"wpcf7-form-control wpcf7-textarea\" aria-invalid=\"false\" name=\"expected\"><\/textarea><\/span>\n<\/p>\n<p>Beobachtetes Verhalten:<br \/>\n<span class=\"wpcf7-form-control-wrap\" data-name=\"observed\"><textarea cols=\"40\" rows=\"10\" maxlength=\"2000\" class=\"wpcf7-form-control wpcf7-textarea wpcf7-validates-as-required\" aria-required=\"true\" aria-invalid=\"false\" name=\"observed\"><\/textarea><\/span>\n<\/p>\n<p>Version der App:<br \/>\n<span class=\"wpcf7-form-control-wrap\" data-name=\"app-version\"><input size=\"40\" maxlength=\"400\" class=\"wpcf7-form-control wpcf7-text\" aria-invalid=\"false\" value=\"\" type=\"text\" name=\"app-version\" \/><\/span>\n<\/p>\n<p>Ger\u00e4tetyp:<br \/>\n<span class=\"wpcf7-form-control-wrap\" data-name=\"device\"><input size=\"40\" maxlength=\"400\" class=\"wpcf7-form-control wpcf7-text\" aria-invalid=\"false\" value=\"\" type=\"text\" name=\"device\" \/><\/span>\n<\/p>\n<p>iOS-Version:<br \/>\n<span class=\"wpcf7-form-control-wrap\" data-name=\"ios-version\"><input size=\"40\" maxlength=\"400\" class=\"wpcf7-form-control wpcf7-text\" aria-invalid=\"false\" value=\"\" type=\"text\" name=\"ios-version\" \/><\/span>\n<\/p>\n<p>Zusammenfassung und weitere Kommentare:<br \/>\n<span class=\"wpcf7-form-control-wrap\" data-name=\"summary\"><textarea cols=\"40\" rows=\"10\" maxlength=\"2000\" class=\"wpcf7-form-control wpcf7-textarea\" aria-invalid=\"false\" name=\"summary\"><\/textarea><\/span>\n<\/p>\n<p><label> Ihre E-Mail-Adresse (Pflichtfeld)<br \/>\n<span class=\"wpcf7-form-control-wrap\" data-name=\"your-email\"><input size=\"40\" maxlength=\"400\" class=\"wpcf7-form-control wpcf7-email wpcf7-validates-as-required wpcf7-text wpcf7-validates-as-email\" aria-required=\"true\" aria-invalid=\"false\" value=\"\" type=\"email\" name=\"your-email\" \/><\/span> <\/label>\n<\/p>\n<p><label> Ihr Name (Pflichtfeld)<br \/>\n<span class=\"wpcf7-form-control-wrap\" data-name=\"your-name\"><input size=\"40\" maxlength=\"400\" class=\"wpcf7-form-control wpcf7-text wpcf7-validates-as-required\" aria-required=\"true\" aria-invalid=\"false\" value=\"\" type=\"text\" name=\"your-name\" \/><\/span> <\/label>\n<\/p>\n<p><input class=\"wpcf7-form-control wpcf7-submit has-spinner\" type=\"submit\" value=\"Melden\" \/>\n<\/p><div class=\"wpcf7-response-output\" aria-hidden=\"true\"><\/div>\n<\/form>\n<\/div>\n<\/p>","protected":false},"excerpt":{"rendered":"<p>Wenn Sie einen Fehler in unserer App beobachtet haben, dann f\u00fcllen Sie bitte das folgende Formular aus. Wenn Sie einen stattdessen einen Vorschlag machen wollen, benutzen Sie bitte das entsprechende Formular auf der Seite &#8222;Vorschlag machen&#8220;. Das Men\u00fc in der App gibt Ihnen ebenfalls die M\u00f6glichkeit, Fehler zu melden oder Vorschl\u00e4ge zu machen. Wir bevorzugen, &hellip; <a href=\"https:\/\/pmrapp.ch\/de\/report-a-bug\/\" class=\"more-link\"><span class=\"screen-reader-text\">Fehler melden<\/span> weiterlesen<\/a><\/p>\n","protected":false},"author":1,"featured_media":94,"parent":0,"menu_order":0,"comment_status":"closed","ping_status":"closed","template":"","meta":{"footnotes":""},"class_list":["post-71","page","type-page","status-publish","has-post-thumbnail","hentry"],"_links":{"self":[{"href":"https:\/\/pmrapp.ch\/de\/wp-json\/wp\/v2\/pages\/71","targetHints":{"allow":["GET"]}}],"collection":[{"href":"https:\/\/pmrapp.ch\/de\/wp-json\/wp\/v2\/pages"}],"about":[{"href":"https:\/\/pmrapp.ch\/de\/wp-json\/wp\/v2\/types\/page"}],"author":[{"embeddable":true,"href":"https:\/\/pmrapp.ch\/de\/wp-json\/wp\/v2\/users\/1"}],"replies":[{"embeddable":true,"href":"https:\/\/pmrapp.ch\/de\/wp-json\/wp\/v2\/comments?post=71"}],"version-history":[{"count":7,"href":"https:\/\/pmrapp.ch\/de\/wp-json\/wp\/v2\/pages\/71\/revisions"}],"predecessor-version":[{"id":104,"href":"https:\/\/pmrapp.ch\/de\/wp-json\/wp\/v2\/pages\/71\/revisions\/104"}],"wp:featuredmedia":[{"embeddable":true,"href":"https:\/\/pmrapp.ch\/de\/wp-json\/wp\/v2\/media\/94"}],"wp:attachment":[{"href":"https:\/\/pmrapp.ch\/de\/wp-json\/wp\/v2\/media?parent=71"}],"curies":[{"name":"wp","href":"https:\/\/api.w.org\/{rel}","templated":true}]}}