{"id":18,"date":"2018-01-15T15:14:14","date_gmt":"2018-01-15T15:14:14","guid":{"rendered":"https:\/\/pmrapp.ch\/?page_id=18"},"modified":"2018-02-02T09:20:54","modified_gmt":"2018-02-02T08:20:54","slug":"contact","status":"publish","type":"page","link":"https:\/\/pmrapp.ch\/de\/contact\/","title":{"rendered":"Vorschlag machen"},"content":{"rendered":"<p>Wenn Sie einen Vorschlag f\u00fcr unsere App machen wollen, dann f\u00fcllen Sie bitte das folgende Formular aus. Wenn Sie einen Fehler in unserer App beobachtet haben, benutzen Sie bitte das entsprechende Formular auf der Seite &#8222;Fehler melden&#8220;.<\/p>\n<p>Das Men\u00fc in der App gibt Ihnen ebenfalls die M\u00f6glichkeit, Vorschl\u00e4ge zu machen oder Fehler zu melden. Wir bevorzugen, dass Sie uns \u00fcber die App ansprechen, da die App n\u00fctzliche Informationen \u00fcber ihren Zustand auf Ihrem Ger\u00e4t mitliefert.<\/p>\n\n<div class=\"wpcf7 no-js\" id=\"wpcf7-f86-o2\" lang=\"en-US\" dir=\"ltr\" data-wpcf7-id=\"86\">\n<div class=\"screen-reader-response\"><p role=\"status\" aria-live=\"polite\" aria-atomic=\"true\"><\/p> <ul><\/ul><\/div>\n<form action=\"\/de\/wp-json\/wp\/v2\/pages\/18#wpcf7-f86-o2\" method=\"post\" class=\"wpcf7-form init\" aria-label=\"Contact form\" novalidate=\"novalidate\" data-status=\"init\">\n<fieldset class=\"hidden-fields-container\"><input type=\"hidden\" name=\"_wpcf7\" value=\"86\" \/><input type=\"hidden\" name=\"_wpcf7_version\" value=\"6.1.5\" \/><input type=\"hidden\" name=\"_wpcf7_locale\" value=\"en_US\" \/><input type=\"hidden\" name=\"_wpcf7_unit_tag\" value=\"wpcf7-f86-o2\" \/><input type=\"hidden\" name=\"_wpcf7_container_post\" value=\"0\" \/><input type=\"hidden\" name=\"_wpcf7_posted_data_hash\" value=\"\" \/>\n<\/fieldset>\n<p><label> Thema (Pflichtfeld)<br \/>\n<span class=\"wpcf7-form-control-wrap\" data-name=\"your-subject\"><input size=\"40\" maxlength=\"400\" class=\"wpcf7-form-control wpcf7-text wpcf7-validates-as-required\" aria-required=\"true\" aria-invalid=\"false\" value=\"\" type=\"text\" name=\"your-subject\" \/><\/span> <\/label>\n<\/p>\n<p><label> Ihr Vorschlag (Pflichtfeld)<br \/>\n<span class=\"wpcf7-form-control-wrap\" data-name=\"your-message\"><textarea cols=\"40\" rows=\"10\" maxlength=\"2000\" class=\"wpcf7-form-control wpcf7-textarea wpcf7-validates-as-required\" aria-required=\"true\" aria-invalid=\"false\" name=\"your-message\"><\/textarea><\/span> <\/label>\n<\/p>\n<p><label> Ihre E-Mail-Adresse (Pflichtfeld)<br \/>\n<span class=\"wpcf7-form-control-wrap\" data-name=\"your-email\"><input size=\"40\" maxlength=\"400\" class=\"wpcf7-form-control wpcf7-email wpcf7-validates-as-required wpcf7-text wpcf7-validates-as-email\" aria-required=\"true\" aria-invalid=\"false\" value=\"\" type=\"email\" name=\"your-email\" \/><\/span> <\/label>\n<\/p>\n<p><label> Ihr Name (Pflichtfeld)<br \/>\n<span class=\"wpcf7-form-control-wrap\" data-name=\"your-name\"><input size=\"40\" maxlength=\"400\" class=\"wpcf7-form-control wpcf7-text wpcf7-validates-as-required\" aria-required=\"true\" aria-invalid=\"false\" value=\"\" type=\"text\" name=\"your-name\" \/><\/span> <\/label>\n<\/p>\n<p>Haben Sie unsere App heruntergeladen?<br \/>\n<span class=\"wpcf7-form-control-wrap\" data-name=\"did-download\"><span class=\"wpcf7-form-control wpcf7-radio\"><span class=\"wpcf7-list-item first\"><input type=\"radio\" name=\"did-download\" value=\"Ja\" \/><span class=\"wpcf7-list-item-label\">Ja<\/span><\/span><span class=\"wpcf7-list-item last\"><input type=\"radio\" name=\"did-download\" value=\"Nein\" \/><span class=\"wpcf7-list-item-label\">Nein<\/span><\/span><\/span><\/span>\n<\/p>\n<p><input class=\"wpcf7-form-control wpcf7-submit has-spinner\" type=\"submit\" value=\"Verschicken\" \/>\n<\/p><div class=\"wpcf7-response-output\" aria-hidden=\"true\"><\/div>\n<\/form>\n<\/div>\n\n<p><em>Bildquelle: <a href=\"http:\/\/www.freeimages.co.uk\" target=\"_blank\" rel=\"noopener\">www.freeimages.co.uk<\/a><\/em><\/p>","protected":false},"excerpt":{"rendered":"<p>Wenn Sie einen Vorschlag f\u00fcr unsere App machen wollen, dann f\u00fcllen Sie bitte das folgende Formular aus. Wenn Sie einen Fehler in unserer App beobachtet haben, benutzen Sie bitte das entsprechende Formular auf der Seite &#8222;Fehler melden&#8220;. Das Men\u00fc in der App gibt Ihnen ebenfalls die M\u00f6glichkeit, Vorschl\u00e4ge zu machen oder Fehler zu melden. Wir &hellip; <a href=\"https:\/\/pmrapp.ch\/de\/contact\/\" class=\"more-link\"><span class=\"screen-reader-text\">Vorschlag machen<\/span> weiterlesen<\/a><\/p>\n","protected":false},"author":1,"featured_media":97,"parent":0,"menu_order":0,"comment_status":"closed","ping_status":"closed","template":"","meta":{"footnotes":""},"class_list":["post-18","page","type-page","status-publish","has-post-thumbnail","hentry"],"_links":{"self":[{"href":"https:\/\/pmrapp.ch\/de\/wp-json\/wp\/v2\/pages\/18","targetHints":{"allow":["GET"]}}],"collection":[{"href":"https:\/\/pmrapp.ch\/de\/wp-json\/wp\/v2\/pages"}],"about":[{"href":"https:\/\/pmrapp.ch\/de\/wp-json\/wp\/v2\/types\/page"}],"author":[{"embeddable":true,"href":"https:\/\/pmrapp.ch\/de\/wp-json\/wp\/v2\/users\/1"}],"replies":[{"embeddable":true,"href":"https:\/\/pmrapp.ch\/de\/wp-json\/wp\/v2\/comments?post=18"}],"version-history":[{"count":7,"href":"https:\/\/pmrapp.ch\/de\/wp-json\/wp\/v2\/pages\/18\/revisions"}],"predecessor-version":[{"id":99,"href":"https:\/\/pmrapp.ch\/de\/wp-json\/wp\/v2\/pages\/18\/revisions\/99"}],"wp:featuredmedia":[{"embeddable":true,"href":"https:\/\/pmrapp.ch\/de\/wp-json\/wp\/v2\/media\/97"}],"wp:attachment":[{"href":"https:\/\/pmrapp.ch\/de\/wp-json\/wp\/v2\/media?parent=18"}],"curies":[{"name":"wp","href":"https:\/\/api.w.org\/{rel}","templated":true}]}}